{"id":392,"date":"2024-02-20T11:15:54","date_gmt":"2024-02-20T11:15:54","guid":{"rendered":"http:\/\/setn.es\/?page_id=392"},"modified":"2024-02-21T08:33:47","modified_gmt":"2024-02-21T08:33:47","slug":"xtremed","status":"publish","type":"page","link":"http:\/\/setn.es\/?page_id=392","title":{"rendered":"XtremeD"},"content":{"rendered":"<div data-colibri-id=\"392-c1\" class=\"style-276 style-local-392-c1 position-relative\">\n  <!---->\n  <div data-colibri-component=\"section\" data-colibri-id=\"392-c2\" id=\"custom\" class=\"h-section h-section-global-spacing d-flex align-items-lg-center align-items-md-center align-items-center style-277 style-local-392-c2 position-relative\">\n    <!---->\n    <!---->\n    <div class=\"h-section-grid-container h-section-boxed-container\">\n      <!---->\n      <div data-colibri-id=\"392-c3\" class=\"h-row-container gutters-row-lg-2 gutters-row-md-2 gutters-row-0 gutters-row-v-lg-2 gutters-row-v-md-2 gutters-row-v-2 style-278 style-local-392-c3 position-relative\">\n        <!---->\n        <div class=\"h-row justify-content-lg-center justify-content-md-center justify-content-center align-items-lg-stretch align-items-md-stretch align-items-stretch gutters-col-lg-2 gutters-col-md-2 gutters-col-0 gutters-col-v-lg-2 gutters-col-v-md-2 gutters-col-v-2\">\n          <!---->\n          <div class=\"h-column h-column-container d-flex h-col-lg-auto h-col-md-auto h-col-auto style-279-outer style-local-392-c4-outer\">\n            <div data-colibri-id=\"392-c4\" class=\"d-flex h-flex-basis h-column__inner h-px-lg-2 h-px-md-2 h-px-2 v-inner-lg-2 v-inner-md-2 v-inner-2 style-279 style-local-392-c4 position-relative\">\n              <!---->\n              <!---->\n              <div class=\"w-100 h-y-container h-column__content h-column__v-align flex-basis-100 align-self-lg-start align-self-md-start align-self-start\">\n                <!---->\n                <div data-colibri-id=\"392-c5\" class=\"d-block style-281 style-local-392-c5 position-relative h-element\">\n                  <!---->\n                  <div class=\"h-image__frame-container-outer\">\n                    <div class=\"h-image__frame-container\">\n                      <!---->\n                      <!---->\n                      <img loading=\"lazy\" decoding=\"async\" width=\"1000\" height=\"563\" src=\"http:\/\/setn.es\/wp-content\/uploads\/2024\/02\/csm_XtremeD_layout_689a79d560.jpg\" class=\"wp-image-450 style-281-image style-local-392-c5-image\" alt=\"\" srcset=\"http:\/\/setn.es\/wp-content\/uploads\/2024\/02\/csm_XtremeD_layout_689a79d560.jpg 1000w, http:\/\/setn.es\/wp-content\/uploads\/2024\/02\/csm_XtremeD_layout_689a79d560-300x169.jpg 300w, http:\/\/setn.es\/wp-content\/uploads\/2024\/02\/csm_XtremeD_layout_689a79d560-768x432.jpg 768w\" sizes=\"auto, (max-width: 1000px) 100vw, 1000px\" \/>\n                      <div class=\"h-image__frame h-hide-lg h-hide-md h-hide-sm style-281-frameImage style-local-392-c5-frameImage\"><\/div>\n                    <\/div>\n                  <\/div>\n                <\/div>\n              <\/div>\n            <\/div>\n          <\/div>\n          <div class=\"h-column h-column-container d-flex h-col-lg-auto h-col-md-auto h-col-auto style-280-outer style-local-392-c6-outer\">\n            <div data-colibri-id=\"392-c6\" class=\"d-flex h-flex-basis h-column__inner h-px-lg-2 h-px-md-2 h-px-2 v-inner-lg-2 v-inner-md-2 v-inner-2 style-280 style-local-392-c6 position-relative\">\n              <!---->\n              <!---->\n              <div class=\"w-100 h-y-container h-column__content h-column__v-align flex-basis-100 align-self-lg-start align-self-md-start align-self-start\">\n                <!---->\n                <div data-colibri-id=\"392-c7\" class=\"h-text h-text-component style-282 style-local-392-c7 position-relative h-element\">\n                  <!---->\n                  <!---->\n                  <div class=\"\">\n                    <p>XtremeD: DIFRACT\u00d3METRO DE ALTA INTENSIDAD PARA CONDICIONES EXTREMAS DE PRESI\u00d3N Y CAMPO MAGN\u00c9TICO<\/p>\n                    <p>Descripci\u00f3n:<\/p>\n                    <p>XtremeD es un difract\u00f3metro de polvo y monocristal de alta intensidad optimizado para estudios en condiciones extremas de presi\u00f3n, temperatura y campo magn\u00e9tico. La combinaci\u00f3n de un gran detector de \u00e1ngulo s\u00f3lido, un haz de neutrones\n                      variable que se enfoca en la muestra y un fondo intr\u00ednsecamente bajo hacen de XtremeD el instrumento preferido cuando se trata de sondear vol\u00famenes muy peque\u00f1os de muestra, entornos de muestras voluminosos o experimentos en tiempo\n                      real (por ejemplo, in situ e in-operando). Al disponer de dos monocromadores (Si y HOPG) y una amplia gama de \u00e1ngulos de despegue, la resoluci\u00f3n y longitud de onda XtremeD se pueden ajustar a las necesidades de cada experimento.<\/p>\n                    <p>\n                      <br>\n                    <\/p>\n                    <p>Aplicaciones:<\/p>\n                    <p>-Difracci\u00f3n de neutrones en polvo y monocristal.<\/p>\n                    <p>-Determinaci\u00f3n de la estructura magn\u00e9tica y nuclear.<\/p>\n                    <p>-Experimentos in situ e in operando.<\/p>\n                    <p>-Estudios param\u00e9tricos en funci\u00f3n de la presi\u00f3n\/campo magn\u00e9tico.<\/p>\n                    <p>-Termodifractometria.<\/p>\n                    <p>-Transiciones de fase, diagramas de fase.<\/p>\n                    <p>-Optimizado para vol\u00famenes de calibre de muestra muy peque\u00f1os.<\/p>\n                  <\/div>\n                <\/div>\n              <\/div>\n            <\/div>\n          <\/div>\n        <\/div>\n      <\/div>\n    <\/div>\n  <\/div>\n  <div data-colibri-component=\"section\" data-colibri-id=\"392-c8\" id=\"custom-2\" class=\"h-section h-section-global-spacing d-flex align-items-lg-center align-items-md-center align-items-center style-283 style-local-392-c8 position-relative\">\n    <!---->\n    <!---->\n    <div class=\"h-section-grid-container h-section-boxed-container\">\n      <!---->\n      <div data-colibri-id=\"392-c9\" class=\"h-row-container gutters-row-lg-2 gutters-row-md-2 gutters-row-0 gutters-row-v-lg-2 gutters-row-v-md-2 gutters-row-v-2 style-284 style-local-392-c9 position-relative\">\n        <!---->\n        <div class=\"h-row justify-content-lg-center justify-content-md-center justify-content-center align-items-lg-stretch align-items-md-stretch align-items-stretch gutters-col-lg-2 gutters-col-md-2 gutters-col-0 gutters-col-v-lg-2 gutters-col-v-md-2 gutters-col-v-2\">\n          <!---->\n          <div class=\"h-column h-column-container d-flex h-col-lg-auto h-col-md-auto h-col-auto style-285-outer style-local-392-c10-outer\">\n            <div data-colibri-id=\"392-c10\" class=\"d-flex h-flex-basis h-column__inner h-px-lg-2 h-px-md-2 h-px-2 v-inner-lg-2 v-inner-md-2 v-inner-2 style-285 style-local-392-c10 position-relative\">\n              <!---->\n              <!---->\n              <div class=\"w-100 h-y-container h-column__content h-column__v-align flex-basis-100 align-self-lg-start align-self-md-start align-self-start\">\n                <!---->\n                <div data-colibri-id=\"392-c11\" class=\"h-x-container style-286 style-local-392-c11 position-relative h-element\">\n                  <!---->\n                  <div class=\"h-x-container-inner style-dynamic-392-c11-group style-286-spacing style-local-392-c11-spacing\"><span class=\"h-link__outer style-287-outer style-local-392-c12-outer d-inline-flex h-element\"><a h-use-smooth-scroll=\"true\" href=\"https:\/\/www.ill.eu\/users\/instruments\/instruments-list\/xtremed\" target=\"_blank\" data-colibri-id=\"392-c12\" class=\"d-flex w-100 align-items-center h-link style-287 style-local-392-c12 position-relative\" rel=\"noopener\"><!----><!----> <span>Para m\u00e1s informaci\u00f3n sobre XtremeD visitar la p\u00e1gina del instrumento en la web del ILL<\/span><\/a>\n                    <\/span><span class=\"h-link__outer style-288-outer style-local-392-c13-outer d-inline-flex h-element\"><a h-use-smooth-scroll=\"true\" href=\"https:\/\/spins.unizar.es\/xtremed\" target=\"_blank\" data-colibri-id=\"392-c13\" class=\"d-flex w-100 align-items-center h-link style-288 style-local-392-c13 position-relative\" rel=\"noopener\"><!----><!----> <span>y\/o la p\u00e1gina del instrumento en SpINS.<\/span><\/a>\n                    <\/span>\n                  <\/div>\n                <\/div>\n              <\/div>\n            <\/div>\n          <\/div>\n        <\/div>\n      <\/div>\n    <\/div>\n  <\/div>\n<\/div>","protected":false},"excerpt":{"rendered":"<p>XtremeD: DIFRACT\u00d3METRO DE ALTA INTENSIDAD PARA CONDICIONES EXTREMAS DE PRESI\u00d3N Y CAMPO MAGN\u00c9TICO Descripci\u00f3n: XtremeD es un difract\u00f3metro de polvo y monocristal de alta intensidad optimizado para estudios en condiciones extremas de presi\u00f3n, temperatura y campo magn\u00e9tico. La combinaci\u00f3n de un gran detector de \u00e1ngulo s\u00f3lido, un haz de neutrones variable que se enfoca en [&hellip;]<\/p>\n","protected":false},"author":4,"featured_media":0,"parent":0,"menu_order":0,"comment_status":"closed","ping_status":"closed","template":"page-templates\/full-width-page.php","meta":{"footnotes":""},"class_list":["post-392","page","type-page","status-publish","hentry"],"_links":{"self":[{"href":"http:\/\/setn.es\/index.php?rest_route=\/wp\/v2\/pages\/392","targetHints":{"allow":["GET"]}}],"collection":[{"href":"http:\/\/setn.es\/index.php?rest_route=\/wp\/v2\/pages"}],"about":[{"href":"http:\/\/setn.es\/index.php?rest_route=\/wp\/v2\/types\/page"}],"author":[{"embeddable":true,"href":"http:\/\/setn.es\/index.php?rest_route=\/wp\/v2\/users\/4"}],"replies":[{"embeddable":true,"href":"http:\/\/setn.es\/index.php?rest_route=%2Fwp%2Fv2%2Fcomments&post=392"}],"version-history":[{"count":4,"href":"http:\/\/setn.es\/index.php?rest_route=\/wp\/v2\/pages\/392\/revisions"}],"predecessor-version":[{"id":604,"href":"http:\/\/setn.es\/index.php?rest_route=\/wp\/v2\/pages\/392\/revisions\/604"}],"wp:attachment":[{"href":"http:\/\/setn.es\/index.php?rest_route=%2Fwp%2Fv2%2Fmedia&parent=392"}],"curies":[{"name":"wp","href":"https:\/\/api.w.org\/{rel}","templated":true}]}}