{"id":22,"date":"2022-01-21T09:17:27","date_gmt":"2022-01-21T09:17:27","guid":{"rendered":"http:\/\/setn.es\/?page_id=22"},"modified":"2024-02-19T15:32:25","modified_gmt":"2024-02-19T15:32:25","slug":"junta-directiva","status":"publish","type":"page","link":"http:\/\/setn.es\/?page_id=22","title":{"rendered":"Junta Directiva"},"content":{"rendered":"\n<p>La Junta Directiva de la SETN se renueva cada cuatro a\u00f1os, y actualmente est\u00e1 formada por:<\/p>\n\n\n\n<p>Presidenta: <a href=\"https:\/\/www.ill.eu\/users\/scientific-groups\/diffraction\/people\">M. Teresa Fern\u00e1ndez D\u00edaz<\/a> (Institut Laue Langevin, ILL, Grenoble, France)<\/p>\n\n\n\n<figure class=\"wp-block-image size-full is-resized\"><img loading=\"lazy\" decoding=\"async\" width=\"123\" height=\"147\" src=\"http:\/\/setn.es\/wp-content\/uploads\/2024\/02\/image.png\" alt=\"\" class=\"wp-image-334\" style=\"width:98px;height:auto\"\/><\/figure>\n\n\n\n<p>Secretario: <a href=\"https:\/\/www.unavarra.es\/pdi?uid=812288\">Antonio Urbina Yeregui<\/a> (Universidad P\u00fablica de Navarra, UPNA, Pamplona) <\/p>\n\n\n\n<figure class=\"wp-block-image size-full is-resized\"><img loading=\"lazy\" decoding=\"async\" width=\"123\" height=\"148\" src=\"http:\/\/setn.es\/wp-content\/uploads\/2024\/02\/image-3.png\" alt=\"\" class=\"wp-image-340\" style=\"width:106px;height:auto\"\/><\/figure>\n\n\n\n<p>Tesorero: <a href=\"https:\/\/web.unican.es\/departamentos\/citimac\/miembros-del-departamento\/personal-docente-e-investigador\/profesor?p=6A5A795615F690F7&amp;a=2022\">Luis Fernandez Barqu\u00edn<\/a> (Universidad de Cantabria, Santander)<\/p>\n\n\n\n<figure class=\"wp-block-image size-full is-resized\"><img loading=\"lazy\" decoding=\"async\" width=\"147\" height=\"147\" src=\"http:\/\/setn.es\/wp-content\/uploads\/2024\/02\/image-4.png\" alt=\"\" class=\"wp-image-341\" style=\"width:109px;height:auto\"\/><\/figure>\n\n\n\n<p>Vocales:<\/p>\n\n\n\n<p><a href=\"https:\/\/www.essbilbao.org\/es\/sobre-nosotros\/human-resources\/\">Estefania Abad<\/a> (ESS-Bilbao, Derio)<\/p>\n\n\n\n<figure class=\"wp-block-image size-full is-resized\"><img loading=\"lazy\" decoding=\"async\" width=\"147\" height=\"147\" src=\"http:\/\/setn.es\/wp-content\/uploads\/2024\/02\/image-6.png\" alt=\"\" class=\"wp-image-344\" style=\"width:111px;height:auto\"\/><\/figure>\n\n\n\n<p><a href=\"https:\/\/www.ikerbasque.net\/es\/felix-fernandez-alonso\">F\u00e9lix Fern\u00e1ndez Alonso<\/a> (Materials Physics Centre &amp; Ikerbasque, San Sebastian)<\/p>\n\n\n\n<figure class=\"wp-block-image size-full is-resized\"><img loading=\"lazy\" decoding=\"async\" width=\"147\" height=\"147\" src=\"http:\/\/setn.es\/wp-content\/uploads\/2024\/02\/image-7.png\" alt=\"\" class=\"wp-image-346\" style=\"width:109px;height:auto\"\/><\/figure>\n\n\n\n<p><a href=\"https:\/\/icmab.es\/garcia-munoz-josep-lluis-permanent-researchers\">Jos\u00e9 Luis Garc\u00eda Mu\u00f1oz<\/a> (Instituto de Ciencia de Materiales de Barcelona, ICMAB, Barcelona)<\/p>\n\n\n\n<figure class=\"wp-block-image size-full is-resized\"><img loading=\"lazy\" decoding=\"async\" width=\"147\" height=\"147\" src=\"http:\/\/setn.es\/wp-content\/uploads\/2024\/02\/image-8.png\" alt=\"\" class=\"wp-image-347\" style=\"width:109px;height:auto\"\/><\/figure>\n\n\n\n<p><a href=\"https:\/\/www.isis.stfc.ac.uk\/Pages\/Dr-Victoria-Garcia-Sakai.aspx\">Victoria Garc\u00eda Sakai<\/a> (ISIS neutron &amp; muon source, Rutherford Appleton Laboratory, Didcot, UK)<\/p>\n\n\n\n<figure class=\"wp-block-image size-full is-resized\"><img loading=\"lazy\" decoding=\"async\" width=\"102\" height=\"146\" src=\"http:\/\/setn.es\/wp-content\/uploads\/2024\/02\/image-9.png\" alt=\"\" class=\"wp-image-348\" style=\"width:111px;height:auto\"\/><\/figure>\n\n\n\n<p><a href=\"https:\/\/www.ikerbasque.net\/es\/jose-maria-porro\">Jos\u00e9 Mar\u00eda Porro Azpiazu<\/a> (BCMaterials &amp; Ikerbasque, Bilbao)<\/p>\n\n\n\n<figure class=\"wp-block-image size-full is-resized\"><img loading=\"lazy\" decoding=\"async\" width=\"112\" height=\"147\" src=\"http:\/\/setn.es\/wp-content\/uploads\/2024\/02\/image-10.png\" alt=\"\" class=\"wp-image-349\" style=\"width:112px;height:auto\"\/><\/figure>\n\n\n\n<p><a href=\"https:\/\/www.ucm.es\/directorio?id=34920\">Elena Solana Madruga<\/a> (Universidad Complutense de Madrid, Madrid)<\/p>\n\n\n\n<figure class=\"wp-block-image size-full is-resized\"><img loading=\"lazy\" decoding=\"async\" width=\"116\" height=\"146\" src=\"http:\/\/setn.es\/wp-content\/uploads\/2024\/02\/image-11.png\" alt=\"\" class=\"wp-image-350\" style=\"width:110px;height:auto\"\/><\/figure>\n","protected":false},"excerpt":{"rendered":"<p>La Junta Directiva de la SETN se renueva cada cuatro a\u00f1os, y actualmente est\u00e1 formada por: Presidenta: M. Teresa Fern\u00e1ndez D\u00edaz (Institut Laue Langevin, ILL, Grenoble, France) Secretario: Antonio Urbina Yeregui (Universidad P\u00fablica de Navarra, UPNA, Pamplona) Tesorero: Luis Fernandez Barqu\u00edn (Universidad de Cantabria, Santander) Vocales: Estefania Abad (ESS-Bilbao, Derio) F\u00e9lix Fern\u00e1ndez Alonso (Materials Physics [&hellip;]<\/p>\n","protected":false},"author":1,"featured_media":0,"parent":0,"menu_order":0,"comment_status":"closed","ping_status":"closed","template":"","meta":{"footnotes":""},"class_list":["post-22","page","type-page","status-publish","hentry"],"_links":{"self":[{"href":"http:\/\/setn.es\/index.php?rest_route=\/wp\/v2\/pages\/22","targetHints":{"allow":["GET"]}}],"collection":[{"href":"http:\/\/setn.es\/index.php?rest_route=\/wp\/v2\/pages"}],"about":[{"href":"http:\/\/setn.es\/index.php?rest_route=\/wp\/v2\/types\/page"}],"author":[{"embeddable":true,"href":"http:\/\/setn.es\/index.php?rest_route=\/wp\/v2\/users\/1"}],"replies":[{"embeddable":true,"href":"http:\/\/setn.es\/index.php?rest_route=%2Fwp%2Fv2%2Fcomments&post=22"}],"version-history":[{"count":5,"href":"http:\/\/setn.es\/index.php?rest_route=\/wp\/v2\/pages\/22\/revisions"}],"predecessor-version":[{"id":351,"href":"http:\/\/setn.es\/index.php?rest_route=\/wp\/v2\/pages\/22\/revisions\/351"}],"wp:attachment":[{"href":"http:\/\/setn.es\/index.php?rest_route=%2Fwp%2Fv2%2Fmedia&parent=22"}],"curies":[{"name":"wp","href":"https:\/\/api.w.org\/{rel}","templated":true}]}}