{"id":21,"date":"2022-01-21T09:17:27","date_gmt":"2022-01-21T09:17:27","guid":{"rendered":"http:\/\/setn.es\/?page_id=21"},"modified":"2026-04-14T08:28:09","modified_gmt":"2026-04-14T08:28:09","slug":"contacto","status":"publish","type":"page","link":"http:\/\/setn.es\/?page_id=21","title":{"rendered":"Contacto"},"content":{"rendered":"\n<h2 class=\"wp-block-heading\" id=\"ponte-en-contacto\"><\/h2>\n\n\n\n<h4 class=\"wp-block-heading\" id=\"buzon-de-sugerencias\">Buzon de sugerencias<\/h4>\n\n\n\n<p>En este buz\u00f3n se recogen las sugerencias, comentarios y opiniones de los socios de la SETN para trasladarlos a la Junta en relaci\u00f3n con el funcionamiento de la SETN, la relaci\u00f3n de la SETN con las Grandes Instalaciones y\/o la ENSA y cualquier tema que os parezca que tenga relaci\u00f3n con los fines de la Sociedad.<\/p>\n\n\n\n<h4 class=\"wp-block-heading\" id=\"buzon-de-sugerencias\">Darse de alta como socio\/a de la SETN<\/h4>\n\n\n\n<p>Si est\u00e1s interesado\/a en darte de alta como socio\/a de la SETN simplemente manda un email a <a href=\"mailto:sympa@ill.fr\" data-type=\"mailto\" data-id=\"mailto:sympa@ill.fr\" target=\"_blank\" rel=\"noreferrer noopener\"><a href=\"mailto:sympa@ill.fr\">sympa@ill.fr<\/a><\/a> con el tema \u00absubscribe\u00a0<a href=\"mailto:setn_l@ill.fr\">setn_l@ill.fr<\/a>\u00a0Firstname Lastname\u00bb. Ser socio\/a de la SETN no conlleva ning\u00fan tipo de coste econ\u00f3mico.<\/p>\n\n\n\n<h4 class=\"wp-block-heading\" id=\"contacto\">Contacto<\/h4>\n\n\n\n<p><em>Presidenta<\/em>: Mar\u00eda Teresa Fern\u00e1ndez D\u00edaz; email: <a href=\"mailto:ferndiaz@ill.fr\" target=\"_blank\" rel=\"noreferrer noopener\">ferndiaz@ill.fr<\/a><\/p>\n\n\n\n<p>Institut Laue-Langevin, Grenoble (Francia)<\/p>\n\n\n\n<p><em>Tesorero<\/em>: Luis Fern\u00e1ndez Barqu\u00edn, email: <a href=\"mailto:barquinl@unican.es\" target=\"_blank\" rel=\"noreferrer noopener\">barquinl@unican.es<\/a><\/p>\n\n\n\n<p>Universidad de Cantabria, Santander<\/p>\n\n\n\n<p><em>Secretario<\/em>: Antonio Urbina Yeregui, email: <a href=\"mailto:antonio.urbina@unavarra.es\" target=\"_blank\" rel=\"noreferrer noopener\">antonio.urbina@unavarra.es<\/a><\/p>\n\n\n\n<p>Universidad P\u00fablica de Navarra, Pamplona<\/p>\n","protected":false},"excerpt":{"rendered":"<p>Buzon de sugerencias En este buz\u00f3n se recogen las sugerencias, comentarios y opiniones de los socios de la SETN para trasladarlos a la Junta en relaci\u00f3n con el funcionamiento de la SETN, la relaci\u00f3n de la SETN con las Grandes Instalaciones y\/o la ENSA y cualquier tema que os parezca que tenga relaci\u00f3n con los [&hellip;]<\/p>\n","protected":false},"author":1,"featured_media":0,"parent":0,"menu_order":0,"comment_status":"closed","ping_status":"closed","template":"","meta":{"footnotes":""},"class_list":["post-21","page","type-page","status-publish","hentry"],"_links":{"self":[{"href":"http:\/\/setn.es\/index.php?rest_route=\/wp\/v2\/pages\/21","targetHints":{"allow":["GET"]}}],"collection":[{"href":"http:\/\/setn.es\/index.php?rest_route=\/wp\/v2\/pages"}],"about":[{"href":"http:\/\/setn.es\/index.php?rest_route=\/wp\/v2\/types\/page"}],"author":[{"embeddable":true,"href":"http:\/\/setn.es\/index.php?rest_route=\/wp\/v2\/users\/1"}],"replies":[{"embeddable":true,"href":"http:\/\/setn.es\/index.php?rest_route=%2Fwp%2Fv2%2Fcomments&post=21"}],"version-history":[{"count":5,"href":"http:\/\/setn.es\/index.php?rest_route=\/wp\/v2\/pages\/21\/revisions"}],"predecessor-version":[{"id":838,"href":"http:\/\/setn.es\/index.php?rest_route=\/wp\/v2\/pages\/21\/revisions\/838"}],"wp:attachment":[{"href":"http:\/\/setn.es\/index.php?rest_route=%2Fwp%2Fv2%2Fmedia&parent=21"}],"curies":[{"name":"wp","href":"https:\/\/api.w.org\/{rel}","templated":true}]}}