{"id":20,"date":"2022-01-21T09:17:27","date_gmt":"2022-01-21T09:17:27","guid":{"rendered":"http:\/\/setn.es\/?page_id=20"},"modified":"2026-01-21T09:40:56","modified_gmt":"2026-01-21T09:40:56","slug":"divulgacion","status":"publish","type":"page","link":"http:\/\/setn.es\/?page_id=20","title":{"rendered":"Deadlines"},"content":{"rendered":"\n<p>En esta secci\u00f3n encontrar\u00e9is informaci\u00f3n sobre los deadlines para pedir tiempo de medida en las principales fuentes de neutrones.<\/p>\n\n\n\n<hr class=\"wp-block-separator has-alpha-channel-opacity\"\/>\n\n\n\n<p><strong>Institut Laue Langevin (ILL), Francia<\/strong><\/p>\n\n\n\n<p>El pr\u00f3ximo deadline del ILL ser\u00e1 el 16 de febrero de 2026.<\/p>\n\n\n\n<p>M\u00e1s informaci\u00f3n sobre las propuestas del ILL <a href=\"https:\/\/www.ill.eu\/for-ill-users\/welcoming-users-at-the-ill\/news-updates-for-users\" data-type=\"link\" data-id=\"https:\/\/www.ill.eu\/for-ill-users\/welcoming-users-at-the-ill\/news-updates-for-users\" target=\"_blank\" rel=\"noreferrer noopener\">aqu\u00ed<\/a>.<\/p>\n\n\n\n<p><strong>SpINS (acceso a instrumentos CRG espa\u00f1oles en el ILL)<\/strong><\/p>\n\n\n\n<p>El pr\u00f3ximo deadline de SpINS ser\u00e1 el 22 de enero de 2026. Como en anteriores ocasiones, las solicitudes de tiempo de haz para ambos instrumentos deben hacerse a trav\u00e9s de la web de\u00a0<strong><a href=\"http:\/\/spins.unizar.es\/\">SpINS<\/a>.<\/strong><\/p>\n\n\n\n<p>El comit\u00e9 de evaluaci\u00f3n de propuestas para ambos instrumentos se reunir\u00e1 tras la fecha arriba indicada y se comunicar\u00e1 su resoluci\u00f3n a los grupos solicitantes a la mayor brevedad.<\/p>\n\n\n\n<p>Para solucionar cualquier duda sobre las propuestas de experimento en los CRGs espa\u00f1oles en el ILL, pod\u00e9is contactar con Javier Campo (<a href=\"mailto:javier.campo@csic.es\">javier.campo@csic.es<\/a>), \u00a0Juan Basb\u00fas (<a href=\"mailto:basbus@ext.ill.fr\">basbus@ext.ill.fr<\/a>\u00a0) o Stan Savvin (<a href=\"mailto:savvin@ill.eu\">savvin@ill.eu<\/a>).\u00a0 Tambi\u00e9n pod\u00e9is escribir a la direcci\u00f3n gen\u00e9rica\u00a0<a href=\"mailto:spins@unizar.es\">spins@unizar.es<\/a>.<\/p>\n\n\n\n<p>M\u00e1s informaci\u00f3n sobre las propuestas de SpINS <a href=\"https:\/\/spins.unizar.es\/propuesta\" target=\"_blank\" rel=\"noreferrer noopener\">aqu\u00ed<\/a>.<\/p>\n\n\n\n<p><strong>ISIS neutron and muon source, Reino Unido<\/strong><\/p>\n\n\n\n<p>El pr\u00f3ximo deadline de ISIS ser\u00e1 el 20 de abril de 2026.<\/p>\n\n\n\n<p>M\u00e1s informaci\u00f3n sobre las propuestas de ISIS <a href=\"https:\/\/www.isis.stfc.ac.uk\/Pages\/Apply-for-beamtime.aspx\" target=\"_blank\" rel=\"noreferrer noopener\">aqu\u00ed<\/a>.<\/p>\n\n\n\n<p><strong>Swiss Spallation Neutron Source (SINQ), Suiza<\/strong><\/p>\n\n\n\n<p>El El pr\u00f3ximo deadline de SINQ ser\u00e1 el 15 de mayo de 2026.<\/p>\n\n\n\n<p>M\u00e1s informaci\u00f3n sobre las propuestas de SINQ <a href=\"https:\/\/www.psi.ch\/en\/sinq\/call-for-proposals\" target=\"_blank\" rel=\"noreferrer noopener\">aqu\u00ed<\/a>.<\/p>\n\n\n\n<p><strong>Heinz Maier-Leibnitz Zentrum (MLZ), Alemania<\/strong><\/p>\n\n\n\n<p>El MLZ no est\u00e1 aceptando propuestas de tiempo de medida de neutrones actualmente debido a que el reactor no est\u00e1 funcionando por razones t\u00e9cnicas. Se prev\u00e9 que vuelva a haber neutrones en el MLZ para finales de 2026.<\/p>\n\n\n\n<p>M\u00e1s informaci\u00f3n sobre las propuestas del MLZ <a href=\"https:\/\/mlz-garching.de\/user-office\" target=\"_blank\" rel=\"noreferrer noopener\">aqu\u00ed<\/a>.<\/p>\n\n\n\n<p><strong>Budapest Neutron Centre (BNC), Hungr\u00eda<\/strong><\/p>\n\n\n\n<p>El pr\u00f3ximo deadline del BNC ser\u00e1 el 9 de febrero de 2026.<\/p>\n\n\n\n<p>M\u00e1s informaci\u00f3n sobre las propuestas del BNC <a href=\"https:\/\/bnc.hu\/beamtime-application\/\" data-type=\"link\" data-id=\"https:\/\/bnc.hu\/beamtime-application\/\" target=\"_blank\" rel=\"noreferrer noopener\">aqu\u00ed<\/a>.<\/p>\n\n\n\n<p><strong>Australian Centre for Neutron Scattering (ACNS, ANSTO), Australia<\/strong><\/p>\n\n\n\n<p>El pr\u00f3ximo deadline de ANSTO ser\u00e1 el 28 de febrero de 2026.<\/p>\n\n\n\n<p>M\u00e1s informaci\u00f3n sobre las propuestas de ANSTO <a href=\"https:\/\/portal.ansto.gov.au\/\" target=\"_blank\" rel=\"noreferrer noopener\">aqu\u00ed<\/a>.<\/p>\n\n\n\n<p><strong>Spallation Neutron Source (SNS) y High Flux Isotope Reactor (HFIR), Estados Unidos<\/strong><\/p>\n\n\n\n<p>El pr\u00f3ximo deadline del SNS\/HFIR ser\u00e1 el 4 de marzo de 2026.<\/p>\n\n\n\n<p>M\u00e1s informaci\u00f3n sobre las propuestas del SNS\/HFIR <a href=\"https:\/\/neutrons.ornl.gov\/users\/proposal-calls\" target=\"_blank\" rel=\"noreferrer noopener\">aqu\u00ed<\/a>.<\/p>\n\n\n\n<p><strong>J-PARC\/MLF, Jap\u00f3n<\/strong><\/p>\n\n\n\n<p>El \u00faltimo deadline de J-PARC\/MLF ha sido el 7 de noviembre de 2025. El pr\u00f3ximo deadline se prev\u00e9 para mayo de 2026.<\/p>\n\n\n\n<p>M\u00e1s informaci\u00f3n sobre las propuestas de J-PARC\/MLF <a href=\"https:\/\/mlfinfo.jp\/en\/user\/proposals\/#short-term\" target=\"_blank\" rel=\"noreferrer noopener\">aqu\u00ed<\/a>.<\/p>\n","protected":false},"excerpt":{"rendered":"<p>En esta secci\u00f3n encontrar\u00e9is informaci\u00f3n sobre los deadlines para pedir tiempo de medida en las principales fuentes de neutrones. Institut Laue Langevin (ILL), Francia El pr\u00f3ximo deadline del ILL ser\u00e1 el 16 de febrero de 2026. M\u00e1s informaci\u00f3n sobre las propuestas del ILL aqu\u00ed. SpINS (acceso a instrumentos CRG espa\u00f1oles en el ILL) El pr\u00f3ximo [&hellip;]<\/p>\n","protected":false},"author":1,"featured_media":0,"parent":0,"menu_order":0,"comment_status":"closed","ping_status":"closed","template":"","meta":{"footnotes":""},"class_list":["post-20","page","type-page","status-publish","hentry"],"_links":{"self":[{"href":"http:\/\/setn.es\/index.php?rest_route=\/wp\/v2\/pages\/20","targetHints":{"allow":["GET"]}}],"collection":[{"href":"http:\/\/setn.es\/index.php?rest_route=\/wp\/v2\/pages"}],"about":[{"href":"http:\/\/setn.es\/index.php?rest_route=\/wp\/v2\/types\/page"}],"author":[{"embeddable":true,"href":"http:\/\/setn.es\/index.php?rest_route=\/wp\/v2\/users\/1"}],"replies":[{"embeddable":true,"href":"http:\/\/setn.es\/index.php?rest_route=%2Fwp%2Fv2%2Fcomments&post=20"}],"version-history":[{"count":16,"href":"http:\/\/setn.es\/index.php?rest_route=\/wp\/v2\/pages\/20\/revisions"}],"predecessor-version":[{"id":816,"href":"http:\/\/setn.es\/index.php?rest_route=\/wp\/v2\/pages\/20\/revisions\/816"}],"wp:attachment":[{"href":"http:\/\/setn.es\/index.php?rest_route=%2Fwp%2Fv2%2Fmedia&parent=20"}],"curies":[{"name":"wp","href":"https:\/\/api.w.org\/{rel}","templated":true}]}}